{"id":1212,"date":"2018-03-26T07:07:51","date_gmt":"2018-03-26T07:07:51","guid":{"rendered":"http:\/\/box2021.temp.domains\/~trueaiki\/?page_id=1212"},"modified":"2018-04-06T08:21:03","modified_gmt":"2018-04-06T08:21:03","slug":"sobre-mi","status":"publish","type":"page","link":"https:\/\/trueaiki.com\/es\/sobre-mi\/","title":{"rendered":"Sobre m\u00ed"},"content":{"rendered":"<p><img data-recalc-dims=\"1\" loading=\"lazy\" decoding=\"async\" src=\"https:\/\/i0.wp.com\/trueaiki.com\/\/wp-content\/uploads\/2016\/11\/allen_beebe2.jpg?resize=300%2C452&#038;ssl=1\" alt=\"\" width=\"300\" height=\"452\" class=\"alignleft size-full wp-image-67\" srcset=\"https:\/\/i0.wp.com\/trueaiki.com\/wp-content\/uploads\/2016\/11\/allen_beebe2.jpg?w=300&amp;ssl=1 300w, https:\/\/i0.wp.com\/trueaiki.com\/wp-content\/uploads\/2016\/11\/allen_beebe2.jpg?resize=199%2C300&amp;ssl=1 199w\" sizes=\"auto, (max-width: 300px) 100vw, 300px\" \/><\/p>\n<h2>\u00bfQui\u00e9n soy? Y\u2026 \u00bfPor qu\u00e9 deber\u00eda importarte?<\/h2>\n<p><strong>Soy Allen Dean Beebe. Tambi\u00e9n soy Henjo Yuko, Genko Beebe y Biko. Allen Dean Beebe es mi nombre de pila. Cuando serv\u00ed como sacerdote budista shingon bajo Henjyoji Daiyu, Henjo Yuko fue mi nombre de ordenaci\u00f3n sacerdotal.<\/strong> Genko (Fuente de Luz) Beebe fue el nombre que me otorgaron cuando me registr\u00e9 y empec\u00e9 a entrenar en el Monte Koya, donde est\u00e1 ubicada la sede del budismo shingon mikkyo. Tras los fallecimientos de mi padre, Ken Beebe, mi Sensei de Aikido, Shirata Rinjiro, y mi Sensei de Shodo, Iwamoto Isamu, Biko (Luz Hermosa) se convirti\u00f3 en mi nombre Shodo.<br \/>\nQui\u00e9n soy en realidad importa poco.<br \/>\nSin embargo, si alguien est\u00e1 interesado en Daito ryu, Aikido y\/o Aiki, mis experiencias IMPORTAN.<\/p>\n<h3>\u00bfPor qu\u00e9?<\/h3>\n<p>Bueno\u2026 Takeda Sokaku ense\u00f1\u00f3 a Ueshiba Morihei Daito Ryu y Aiki. Ueshiba Morihei ense\u00f1\u00f3 Daito Ryu y Aiki a Shirata Rinjiro. M\u00e1s tarde, Ueshiba Sensei cambi\u00f3 el nombre de lo que ense\u00f1aba a \u201cAikido\u201d y Shirata Sensei sigui\u00f3 su ejemplo. Las primeras escuelas de Daito Ryu a menudo tambi\u00e9n se refer\u00edan a su entrenamiento como Aikido.<\/p>\n<p>A pesar de los cambios de nombre, lo que los senseis Ueshiba y Shirata ense\u00f1aron permaneci\u00f3 inalterado. (A pesar de que esto contradiga la \u201chistoria\u201d popular del Aiki, estos hechos est\u00e1n bien documentados y probados por evidencias hist\u00f3ricas.. Hablaremos sobre ello en futuras entradas). Cualquiera que sea el nombre usado, Daito Ryu, Aikido y Aiki*, son lo que aprend\u00ed de Shirata Sensei cuando estudi\u00e9 con \u00e9l desde 1986 hasta su muerte en 1993.<br \/>\nEstos tres hombres (Takeda, Ueshiba y Shirata) estudiaron Mikkyo, relacionando sus ense\u00f1azas y pr\u00e1cticas con las suyas. Yo tambi\u00e9n estudio Shingon Mikkyo. Ueshiba y Shirata fueron miembros de Omoto Kyo. Yo me hice miembro y la estudi\u00e9, hasta el punto de representar a mi regi\u00f3n en la sede norteamericana de Seicho no Ie. Seicho no Ie es una rama de Omoto Kyo fundada por Taniguchi Masaharu, el cual, mientras estuvo en Omoto Kyo, fue parte integral en los masivos esfuerzos de publicaci\u00f3n de la organizaci\u00f3n. (Seicho no Ie estuvo tambi\u00e9n profundamente involucrada para traer por primera vez a Ueshiba sensei a Hawaii.) Ambos, Ueshiba y Shirata, estudieron y produjeron Shodo (caligraf\u00eda japonesa). Yo tambi\u00e9n estudi\u00e9 Shodo durante a\u00f1os, eventualmente heredando la escuela de mi profesor tras su muerte. Y, como mencion\u00e9 anteriormente, aprend\u00ed Daito Ryu\/Aikido y Aiki como fue ense\u00f1ado por Takeda Sokaku, Ueshiba Morihei y Shirata Rinjiro.<\/p>\n<p>Adem\u00e1s de estas cosas, estudi\u00e9 Karate empezando en 1973, me code\u00e9 amigablemente con Don Angier de Yanagi Ryu Aikijujutsu (estudiante de Yoshida Kenji, hijo de Yoshida Kotaro, estudiante y colega de Takeda Sokaku), recib\u00ed una licencia de Shoden Menkyo de Toby Threadgill, Menkyo Kaiden de Takamura ha Shindo Yoshin Ryu, (El profesor de su profesor conoci\u00f3 a ambos senseis, Takeda y Kotaro) antes de (amigablemente) renunciar. Tuve tambi\u00e9n tambi\u00e9n el placer de ser presentado a (por el muy talentoso Howard Popkin) y entrenar con , Okamoto Seigo de la Roppo Kai antes de su muerte. Coquete\u00e9 con el Judo en el altamente recomendado Seiwakan Judo dojo de Portland. (Mi cu\u00f1ado, que fue agente de la polic\u00eda japonesa, instructor policial de Judo y sinceramente a\u00f1orado hermano de Budo, fue el primero en llevarme a los tatamis de Judo de su dojo en Kesanuma antes del Tsunami.) Tambi\u00e9n fue elegido, a pesar de mis mejores esfuerzos para declinar el honor, como Shihan de USA por el inimitable Jon Bluming (10\u00ba Dan de Kyokushin Karate, 9\u00ba Dan de Kodokan Judo, etc.)<\/p>\n<p>Para sobrevivir en Jap\u00f3n, comunicarme con la familia, y por inter\u00e9s personal (\u00a1Y porque mi sensei de Shodo me gritaba por no ser capaz de leer mi propia escritura!) aprend\u00ed a hablar, leer y escribir japon\u00e9s a varios niveles en diferentes ocasiones.<\/p>\n<p>Finalmente, tuve la buena fortuna de conocer, entrenar y aprender del fen\u00f3meno marcial Dan Harden, famoso por sus seminarios de entrenamiento interno, quien aprendi\u00f3 Aiki a trav\u00e9s de Daito Ryu y amalgam\u00f3 el Aiki de Daito Ryu con su extenso conocimiento de tradiciones marciales antiguas y modernas. Fue Dan quien reconoci\u00f3 y admiti\u00f3 la profundidad y el valor de las ense\u00f1anzas de Shirata sensei y me anim\u00f3 incansablemente a salir y compartir con el mundo lo que he aprendido.<\/p>\n<h3>\u00bfY qu\u00e9?<\/h3>\n<p>Esta ecl\u00e9ctica pero encaminada mezcla de experiencias me ha dado una colecci\u00f3n \u00fanica de perspectivas desde las que estudiar y entender a estos destacados individuos y sus ense\u00f1anzas de Daito Ryu\/Aikido en general y Aiki en particular.<br \/>\nLas ense\u00f1anzas escritas dejadas por estos profesores casi siempre tienen al menos tres capas de significado. Desafortunadamente se ha vuelto \u201cconocido\u201d por todos que \u201cninguno\u201d de los estudiantes de Ueshiba entend\u00eda lo que estaba explicando en sus lecciones. Por consiguiente, cuando los escritos de Ueshiba son interpretados y\/o traducidos, si es que llegan a ser interpretados y\/o traducidos, son com\u00fanmente interpretados desde una sola perspectiva, y por individuos que a menudo no tienen experiencia en Daito Ryu\/Aikido, Aiki, \u00a1y\/o admiten en primer lograr no comprender las declaraciones originales!. Esto es desafortunado, porque si alguien desea comprender completamente el significado de lo que est\u00e1 siendo transmitido, es importante entender el mensaje de un modo hol\u00edstico. Por esto, las malas interpretaciones se han vuelto m\u00e1s conocidas y aceptadas como aut\u00e9nticas que las fuentes menos conocidas pero m\u00e1s cualificadas.<\/p>\n<h3>\u00bfMe estoy declarando acaso como el \u00fanico due\u00f1o de la \u201cverdad\u201d del Daito Ryu\/Aikido y\/o Aiki?<\/h3>\n<p>No. Pero la verdad es la verdad independientemente del entendimiento e interpretaci\u00f3n de cualquier individuo, sin importar lo \u201cmajestuoso\u201d del t\u00edtulo que pueda poseer ese individuo.<br \/>\nTengo varias perspectivas y experiencias \u00fanicas relacionadas con el Daito Ryu\/Aikido y Aiki, las cuales me han permitido tener una comprensi\u00f3n cada vez mayor de estos temas.<br \/>\n<strong>Es esta comprensi\u00f3n cada vez mayor lo que voy a compartir aqu\u00ed.<\/strong><\/p>\n<p>* Daito Ryu abarca: Jujutsu, Aiki Jujutsu, y Aiki no Jutsu. Y es posible, y de hecho la historia dice que es probable, que uno pueda estudiar Daito Ryu y aprender s\u00f3lo Jujutsu todo el tiempo. A muy pocos (uno o dos por profesor) se les ense\u00f1a Aiki no Jutsu. Por este motivo digo Daito Ryu\/Aikido y Aiki.<\/p>\n","protected":false},"excerpt":{"rendered":"<p>\u00bfQui\u00e9n soy? Y\u2026 \u00bfPor qu\u00e9 deber\u00eda importarte? Soy Allen Dean Beebe. Tambi\u00e9n soy Henjo Yuko, Genko Beebe y Biko. Allen Dean Beebe es mi nombre de pila. Cuando serv\u00ed como sacerdote budista shingon bajo Henjyoji Daiyu, Henjo Yuko fue mi nombre de ordenaci\u00f3n sacerdotal. Genko (Fuente de Luz) Beebe fue [&hellip;]<\/p>\n","protected":false},"author":2,"featured_media":0,"parent":0,"menu_order":2,"comment_status":"open","ping_status":"closed","template":"","meta":{"nf_dc_page":"","_bbp_topic_count":0,"_bbp_reply_count":0,"_bbp_total_topic_count":0,"_bbp_total_reply_count":0,"_bbp_voice_count":0,"_bbp_anonymous_reply_count":0,"_bbp_topic_count_hidden":0,"_bbp_reply_count_hidden":0,"_bbp_forum_subforum_count":0,"_EventAllDay":false,"_EventTimezone":"","_EventStartDate":"","_EventEndDate":"","_EventStartDateUTC":"","_EventEndDateUTC":"","_EventShowMap":false,"_EventShowMapLink":false,"_EventURL":"","_EventCost":"","_EventCostDescription":"","_EventCurrencySymbol":"","_EventCurrencyCode":"","_EventCurrencyPosition":"","_EventDateTimeSeparator":"","_EventTimeRangeSeparator":"","_EventOrganizerID":[],"_EventVenueID":[],"_OrganizerEmail":"","_OrganizerPhone":"","_OrganizerWebsite":"","_VenueAddress":"","_VenueCity":"","_VenueCountry":"","_VenueProvince":"","_VenueState":"","_VenueZip":"","_VenuePhone":"","_VenueURL":"","_VenueStateProvince":"","_VenueLat":"","_VenueLng":"","_VenueShowMap":false,"_VenueShowMapLink":false,"jetpack_post_was_ever_published":false,"footnotes":""},"class_list":["post-1212","page","type-page","status-publish","hentry"],"jetpack_sharing_enabled":true,"jetpack_shortlink":"https:\/\/wp.me\/P9MeZD-jy","_links":{"self":[{"href":"https:\/\/trueaiki.com\/es\/wp-json\/wp\/v2\/pages\/1212","targetHints":{"allow":["GET"]}}],"collection":[{"href":"https:\/\/trueaiki.com\/es\/wp-json\/wp\/v2\/pages"}],"about":[{"href":"https:\/\/trueaiki.com\/es\/wp-json\/wp\/v2\/types\/page"}],"author":[{"embeddable":true,"href":"https:\/\/trueaiki.com\/es\/wp-json\/wp\/v2\/users\/2"}],"replies":[{"embeddable":true,"href":"https:\/\/trueaiki.com\/es\/wp-json\/wp\/v2\/comments?post=1212"}],"version-history":[{"count":4,"href":"https:\/\/trueaiki.com\/es\/wp-json\/wp\/v2\/pages\/1212\/revisions"}],"predecessor-version":[{"id":1226,"href":"https:\/\/trueaiki.com\/es\/wp-json\/wp\/v2\/pages\/1212\/revisions\/1226"}],"wp:attachment":[{"href":"https:\/\/trueaiki.com\/es\/wp-json\/wp\/v2\/media?parent=1212"}],"curies":[{"name":"wp","href":"https:\/\/api.w.org\/{rel}","templated":true}]}}